{"id":916,"date":"2025-04-08T21:44:26","date_gmt":"2025-04-08T19:44:26","guid":{"rendered":"https:\/\/eris-tattoo.de\/blog\/?page_id=916"},"modified":"2025-04-09T00:44:45","modified_gmt":"2025-04-08T22:44:45","slug":"tattoo-by-eri_n","status":"publish","type":"page","link":"https:\/\/eris-tattoo.de\/blog\/tattoo-by-eri_n\/","title":{"rendered":"Tattoo by Eri"},"content":{"rendered":"\t\t<div data-elementor-type=\"wp-page\" data-elementor-id=\"916\" class=\"elementor elementor-916\" data-elementor-post-type=\"page\">\n\t\t\t\t<div class=\"elementor-element elementor-element-9010cd0 e-flex e-con-boxed e-con e-parent\" data-id=\"9010cd0\" data-element_type=\"container\" data-settings=\"{&quot;background_background&quot;:&quot;classic&quot;}\">\n\t\t\t\t\t<div class=\"e-con-inner\">\n\t\t<div class=\"elementor-element elementor-element-5a69cc7 e-con-full e-flex e-con e-child\" data-id=\"5a69cc7\" data-element_type=\"container\">\n\t\t\t\t<div class=\"elementor-element elementor-element-f184ec7 elementor-widget elementor-widget-heading\" data-id=\"f184ec7\" data-element_type=\"widget\" data-widget_type=\"heading.default\">\n\t\t\t\t<div class=\"elementor-widget-container\">\n\t\t\t\t\t<h1 class=\"elementor-heading-title elementor-size-default\">Tattoo by eri<\/h1>\t\t\t\t<\/div>\n\t\t\t\t<\/div>\n\t\t\t\t<\/div>\n\t\t\t\t\t<\/div>\n\t\t\t\t<\/div>\n\t\t<div class=\"elementor-element elementor-element-17e2424 e-flex e-con-boxed e-con e-parent\" data-id=\"17e2424\" data-element_type=\"container\" data-settings=\"{&quot;background_background&quot;:&quot;classic&quot;}\">\n\t\t\t\t\t<div class=\"e-con-inner\">\n\t\t<div class=\"elementor-element elementor-element-d6fad9f e-con-full e-flex e-con e-child\" data-id=\"d6fad9f\" data-element_type=\"container\">\n\t\t\t\t<div class=\"elementor-element elementor-element-734da93 e-transform elementor-widget elementor-widget-image\" data-id=\"734da93\" data-element_type=\"widget\" data-settings=\"{&quot;_transform_skewX_effect&quot;:{&quot;unit&quot;:&quot;px&quot;,&quot;size&quot;:-9,&quot;sizes&quot;:[]},&quot;_transform_skewX_effect_tablet&quot;:{&quot;unit&quot;:&quot;deg&quot;,&quot;size&quot;:&quot;&quot;,&quot;sizes&quot;:[]},&quot;_transform_skewX_effect_mobile&quot;:{&quot;unit&quot;:&quot;deg&quot;,&quot;size&quot;:&quot;&quot;,&quot;sizes&quot;:[]},&quot;_transform_skewY_effect&quot;:{&quot;unit&quot;:&quot;px&quot;,&quot;size&quot;:&quot;&quot;,&quot;sizes&quot;:[]},&quot;_transform_skewY_effect_tablet&quot;:{&quot;unit&quot;:&quot;deg&quot;,&quot;size&quot;:&quot;&quot;,&quot;sizes&quot;:[]},&quot;_transform_skewY_effect_mobile&quot;:{&quot;unit&quot;:&quot;deg&quot;,&quot;size&quot;:&quot;&quot;,&quot;sizes&quot;:[]}}\" data-widget_type=\"image.default\">\n\t\t\t\t<div class=\"elementor-widget-container\">\n\t\t\t\t\t\t\t\t\t\t\t\t\t\t\t<img fetchpriority=\"high\" decoding=\"async\" width=\"259\" height=\"300\" src=\"https:\/\/eris-tattoo.de\/blog\/wp-content\/uploads\/2022\/10\/Heidi-259x300.jpg\" class=\"attachment-medium size-medium wp-image-375\" alt=\"\" srcset=\"https:\/\/eris-tattoo.de\/blog\/wp-content\/uploads\/2022\/10\/Heidi-259x300.jpg 259w, https:\/\/eris-tattoo.de\/blog\/wp-content\/uploads\/2022\/10\/Heidi-884x1024.jpg 884w, https:\/\/eris-tattoo.de\/blog\/wp-content\/uploads\/2022\/10\/Heidi-52x60.jpg 52w, https:\/\/eris-tattoo.de\/blog\/wp-content\/uploads\/2022\/10\/Heidi-768x889.jpg 768w, https:\/\/eris-tattoo.de\/blog\/wp-content\/uploads\/2022\/10\/Heidi-1326x1536.jpg 1326w, https:\/\/eris-tattoo.de\/blog\/wp-content\/uploads\/2022\/10\/Heidi-1768x2048.jpg 1768w, https:\/\/eris-tattoo.de\/blog\/wp-content\/uploads\/2022\/10\/Heidi-1x1.jpg 1w\" sizes=\"(max-width: 259px) 100vw, 259px\" \/>\t\t\t\t\t\t\t\t\t\t\t\t\t\t\t<\/div>\n\t\t\t\t<\/div>\n\t\t\t\t<\/div>\n\t\t\t\t\t<\/div>\n\t\t\t\t<\/div>\n\t\t<div class=\"elementor-element elementor-element-a9042d9 e-flex e-con-boxed e-con e-parent\" data-id=\"a9042d9\" data-element_type=\"container\" data-settings=\"{&quot;background_background&quot;:&quot;classic&quot;}\">\n\t\t\t\t\t<div class=\"e-con-inner\">\n\t\t\t\t<div class=\"elementor-element elementor-element-9eaec13 elementor-widget elementor-widget-text-editor\" data-id=\"9eaec13\" data-element_type=\"widget\" data-widget_type=\"text-editor.default\">\n\t\t\t\t<div class=\"elementor-widget-container\">\n\t\t\t\t\t\t\t\t\t<p>\nIch steche alles was nicht gegen Gesetz oder Sittlichkeit verst\u00f6\u00dft.<\/p>\n<p>F\u00fcr jedes Alter 18 bis 99 (*) ist bei mir etwas dabei \u2013 vom kleinen Motiv bis zum Ganzk\u00f6rperkunstwerk.<\/p>\n<p>Ich entwerfe selbst oder mit Euch \u2013 gemeinsam \u2013 ganz individuelle Vorlagen.<br \/>Nat\u00fcrlich k\u00f6nnen auch eigene Vorlagen mitgebracht werden.<\/p>\n<p>Die Preise f\u00fcr Tattoos sind von der Farbe, der Gr\u00f6\u00dfe und der Machart abh\u00e4ngig, daher k\u00f6nnen sie nicht pauschalisiert werden.<\/p>\n<p>Grunds\u00e4tzlich gilt: Anzahlung bei Tattoo Termin 50,00 \u20ac.<\/p>\n<p>(*) In besonderen Ausnahmef\u00e4llen, mit Genehmigung und im Beisein Eines Erziehungsberechtigten<br \/>Elternteils, kann ein Tattoo schon vor dem 18. Lebensjahr gestochen werden.<\/p><p><br \/><\/p>\t\t\t\t\t\t\t\t<\/div>\n\t\t\t\t<\/div>\n\t\t\t\t\t<\/div>\n\t\t\t\t<\/div>\n\t\t<div class=\"elementor-element elementor-element-bb63f23 e-flex e-con-boxed e-con e-parent\" data-id=\"bb63f23\" data-element_type=\"container\" data-settings=\"{&quot;background_background&quot;:&quot;classic&quot;}\">\n\t\t\t\t\t<div class=\"e-con-inner\">\n\t\t\t\t<div class=\"elementor-element elementor-element-fe4c2f8 elementor-align-center elementor-widget elementor-widget-button\" data-id=\"fe4c2f8\" data-element_type=\"widget\" data-widget_type=\"button.default\">\n\t\t\t\t<div class=\"elementor-widget-container\">\n\t\t\t\t\t\t\t\t\t<div class=\"elementor-button-wrapper\">\n\t\t\t\t\t<a class=\"elementor-button elementor-button-link elementor-size-sm\" href=\"https:\/\/eris-tattoo.de\/blog\/galerie-by-eri_n\/\" target=\"_blank\">\n\t\t\t\t\t\t<span class=\"elementor-button-content-wrapper\">\n\t\t\t\t\t\t\t\t\t<span class=\"elementor-button-text\">Galerie<\/span>\n\t\t\t\t\t<\/span>\n\t\t\t\t\t<\/a>\n\t\t\t\t<\/div>\n\t\t\t\t\t\t\t\t<\/div>\n\t\t\t\t<\/div>\n\t\t\t\t\t<\/div>\n\t\t\t\t<\/div>\n\t\t\t\t<\/div>\n\t\t","protected":false},"excerpt":{"rendered":"<p>Tattoo by eri Ich steche alles was nicht gegen Gesetz oder Sittlichkeit verst\u00f6\u00dft. F\u00fcr jedes Alter 18 bis 99 (*) ist bei mir etwas dabei \u2013 vom kleinen Motiv bis zum Ganzk\u00f6rperkunstwerk. Ich entwerfe selbst oder mit Euch \u2013 gemeinsam \u2013 ganz individuelle Vorlagen.Nat\u00fcrlich k\u00f6nnen auch eigene Vorlagen mitgebracht werden. Die Preise f\u00fcr Tattoos sind [&hellip;]<\/p>\n","protected":false},"author":4,"featured_media":0,"parent":0,"menu_order":3,"comment_status":"closed","ping_status":"closed","template":"","meta":{"site-sidebar-layout":"no-sidebar","site-content-layout":"page-builder","ast-site-content-layout":"full-width-container","site-content-style":"unboxed","site-sidebar-style":"unboxed","ast-global-header-display":"","ast-banner-title-visibility":"","ast-main-header-display":"","ast-hfb-above-header-display":"","ast-hfb-below-header-display":"","ast-hfb-mobile-header-display":"","site-post-title":"disabled","ast-breadcrumbs-content":"","ast-featured-img":"","footer-sml-layout":"","theme-transparent-header-meta":"enabled","adv-header-id-meta":"","stick-header-meta":"","header-above-stick-meta":"","header-main-stick-meta":"","header-below-stick-meta":"","astra-migrate-meta-layouts":"set","ast-page-background-enabled":"default","ast-page-background-meta":{"desktop":{"background-color":"","background-image":"","background-repeat":"repeat","background-position":"center center","background-size":"auto","background-attachment":"scroll","background-type":"","background-media":"","overlay-type":"","overlay-color":"","overlay-opacity":"","overlay-gradient":""},"tablet":{"background-color":"","background-image":"","background-repeat":"repeat","background-position":"center center","background-size":"auto","background-attachment":"scroll","background-type":"","background-media":"","overlay-type":"","overlay-color":"","overlay-opacity":"","overlay-gradient":""},"mobile":{"background-color":"","background-image":"","background-repeat":"repeat","background-position":"center center","background-size":"auto","background-attachment":"scroll","background-type":"","background-media":"","overlay-type":"","overlay-color":"","overlay-opacity":"","overlay-gradient":""}},"ast-content-background-meta":{"desktop":{"background-color":"var(--ast-global-color-5)","background-image":"","background-repeat":"repeat","background-position":"center center","background-size":"auto","background-attachment":"scroll","background-type":"","background-media":"","overlay-type":"","overlay-color":"","overlay-opacity":"","overlay-gradient":""},"tablet":{"background-color":"var(--ast-global-color-5)","background-image":"","background-repeat":"repeat","background-position":"center center","background-size":"auto","background-attachment":"scroll","background-type":"","background-media":"","overlay-type":"","overlay-color":"","overlay-opacity":"","overlay-gradient":""},"mobile":{"background-color":"var(--ast-global-color-5)","background-image":"","background-repeat":"repeat","background-position":"center center","background-size":"auto","background-attachment":"scroll","background-type":"","background-media":"","overlay-type":"","overlay-color":"","overlay-opacity":"","overlay-gradient":""}},"footnotes":""},"class_list":["post-916","page","type-page","status-publish","hentry"],"_links":{"self":[{"href":"https:\/\/eris-tattoo.de\/blog\/wp-json\/wp\/v2\/pages\/916","targetHints":{"allow":["GET"]}}],"collection":[{"href":"https:\/\/eris-tattoo.de\/blog\/wp-json\/wp\/v2\/pages"}],"about":[{"href":"https:\/\/eris-tattoo.de\/blog\/wp-json\/wp\/v2\/types\/page"}],"author":[{"embeddable":true,"href":"https:\/\/eris-tattoo.de\/blog\/wp-json\/wp\/v2\/users\/4"}],"replies":[{"embeddable":true,"href":"https:\/\/eris-tattoo.de\/blog\/wp-json\/wp\/v2\/comments?post=916"}],"version-history":[{"count":22,"href":"https:\/\/eris-tattoo.de\/blog\/wp-json\/wp\/v2\/pages\/916\/revisions"}],"predecessor-version":[{"id":1089,"href":"https:\/\/eris-tattoo.de\/blog\/wp-json\/wp\/v2\/pages\/916\/revisions\/1089"}],"wp:attachment":[{"href":"https:\/\/eris-tattoo.de\/blog\/wp-json\/wp\/v2\/media?parent=916"}],"curies":[{"name":"wp","href":"https:\/\/api.w.org\/{rel}","templated":true}]}}