{"id":915,"date":"2025-04-08T22:07:11","date_gmt":"2025-04-08T20:07:11","guid":{"rendered":"https:\/\/eris-tattoo.de\/blog\/?page_id=915"},"modified":"2025-04-09T00:24:02","modified_gmt":"2025-04-08T22:24:02","slug":"aktuelles_n","status":"publish","type":"page","link":"https:\/\/eris-tattoo.de\/blog\/aktuelles_n\/","title":{"rendered":"News"},"content":{"rendered":"\t\t<div data-elementor-type=\"wp-page\" data-elementor-id=\"915\" class=\"elementor elementor-915\" data-elementor-post-type=\"page\">\n\t\t\t\t<div class=\"elementor-element elementor-element-9010cd0 e-flex e-con-boxed e-con e-parent\" data-id=\"9010cd0\" data-element_type=\"container\" data-settings=\"{&quot;background_background&quot;:&quot;classic&quot;}\">\n\t\t\t\t\t<div class=\"e-con-inner\">\n\t\t<div class=\"elementor-element elementor-element-5a69cc7 e-con-full e-flex e-con e-child\" data-id=\"5a69cc7\" data-element_type=\"container\">\n\t\t\t\t<div class=\"elementor-element elementor-element-f184ec7 elementor-widget elementor-widget-heading\" data-id=\"f184ec7\" data-element_type=\"widget\" data-widget_type=\"heading.default\">\n\t\t\t\t<div class=\"elementor-widget-container\">\n\t\t\t\t\t<h1 class=\"elementor-heading-title elementor-size-default\">News<\/h1>\t\t\t\t<\/div>\n\t\t\t\t<\/div>\n\t\t\t\t<\/div>\n\t\t\t\t\t<\/div>\n\t\t\t\t<\/div>\n\t\t<div class=\"elementor-element elementor-element-b5c2f47 e-flex e-con-boxed e-con e-parent\" data-id=\"b5c2f47\" data-element_type=\"container\" data-settings=\"{&quot;background_background&quot;:&quot;classic&quot;}\">\n\t\t\t\t\t<div class=\"e-con-inner\">\n\t\t\t\t<div class=\"elementor-element elementor-element-79afeec elementor-widget elementor-widget-image\" data-id=\"79afeec\" data-element_type=\"widget\" data-widget_type=\"image.default\">\n\t\t\t\t<div class=\"elementor-widget-container\">\n\t\t\t\t\t\t\t\t\t\t\t\t\t\t\t<img fetchpriority=\"high\" decoding=\"async\" width=\"768\" height=\"491\" src=\"https:\/\/eris-tattoo.de\/blog\/wp-content\/uploads\/2024\/06\/Banner_n-768x491.jpg\" class=\"attachment-medium_large size-medium_large wp-image-622\" alt=\"\" srcset=\"https:\/\/eris-tattoo.de\/blog\/wp-content\/uploads\/2024\/06\/Banner_n-768x491.jpg 768w, https:\/\/eris-tattoo.de\/blog\/wp-content\/uploads\/2024\/06\/Banner_n-300x192.jpg 300w, https:\/\/eris-tattoo.de\/blog\/wp-content\/uploads\/2024\/06\/Banner_n-80x51.jpg 80w, https:\/\/eris-tattoo.de\/blog\/wp-content\/uploads\/2024\/06\/Banner_n-1x1.jpg 1w, https:\/\/eris-tattoo.de\/blog\/wp-content\/uploads\/2024\/06\/Banner_n.jpg 804w\" sizes=\"(max-width: 768px) 100vw, 768px\" \/>\t\t\t\t\t\t\t\t\t\t\t\t\t\t\t<\/div>\n\t\t\t\t<\/div>\n\t\t\t\t<div class=\"elementor-element elementor-element-2bdf79f elementor-widget elementor-widget-text-editor\" data-id=\"2bdf79f\" data-element_type=\"widget\" data-widget_type=\"text-editor.default\">\n\t\t\t\t<div class=\"elementor-widget-container\">\n\t\t\t\t\t\t\t\t\tUpdate: September 2023 \nDas neue Banner am Fu\u00dfballplatz h\u00e4ngt!\t\t\t\t\t\t\t\t<\/div>\n\t\t\t\t<\/div>\n\t\t\t\t\t<\/div>\n\t\t\t\t<\/div>\n\t\t<div class=\"elementor-element elementor-element-30bc671 e-flex e-con-boxed e-con e-parent\" data-id=\"30bc671\" data-element_type=\"container\" data-settings=\"{&quot;background_background&quot;:&quot;classic&quot;}\">\n\t\t\t\t\t<div class=\"e-con-inner\">\n\t\t\t\t<div class=\"elementor-element elementor-element-6d60971 elementor-widget elementor-widget-text-editor\" data-id=\"6d60971\" data-element_type=\"widget\" data-widget_type=\"text-editor.default\">\n\t\t\t\t<div class=\"elementor-widget-container\">\n\t\t\t\t\t\t\t\t\tUPDATE: Januar 2024: Ich freue mich Euch mitteilen zu k\u00f6nnen, das meine \u201eSch\u00e4tze\u201c eingetroffen sind und ich wieder Farben im Sortiment habe!\t\t\t\t\t\t\t\t<\/div>\n\t\t\t\t<\/div>\n\t\t\t\t\t<\/div>\n\t\t\t\t<\/div>\n\t\t\t\t<\/div>\n\t\t","protected":false},"excerpt":{"rendered":"<p>News Update: September 2023 Das neue Banner am Fu\u00dfballplatz h\u00e4ngt!UPDATE: Januar 2024: Ich freue mich Euch mitteilen zu k\u00f6nnen, das meine \u201eSch\u00e4tze\u201c eingetroffen sind und ich wieder Farben im Sortiment habe!<\/p>\n","protected":false},"author":4,"featured_media":0,"parent":0,"menu_order":2,"comment_status":"closed","ping_status":"closed","template":"","meta":{"site-sidebar-layout":"no-sidebar","site-content-layout":"page-builder","ast-site-content-layout":"full-width-container","site-content-style":"unboxed","site-sidebar-style":"unboxed","ast-global-header-display":"","ast-banner-title-visibility":"","ast-main-header-display":"","ast-hfb-above-header-display":"","ast-hfb-below-header-display":"","ast-hfb-mobile-header-display":"","site-post-title":"disabled","ast-breadcrumbs-content":"","ast-featured-img":"","footer-sml-layout":"","theme-transparent-header-meta":"enabled","adv-header-id-meta":"","stick-header-meta":"","header-above-stick-meta":"","header-main-stick-meta":"","header-below-stick-meta":"","astra-migrate-meta-layouts":"set","ast-page-background-enabled":"default","ast-page-background-meta":{"desktop":{"background-color":"","background-image":"","background-repeat":"repeat","background-position":"center center","background-size":"auto","background-attachment":"scroll","background-type":"","background-media":"","overlay-type":"","overlay-color":"","overlay-opacity":"","overlay-gradient":""},"tablet":{"background-color":"","background-image":"","background-repeat":"repeat","background-position":"center center","background-size":"auto","background-attachment":"scroll","background-type":"","background-media":"","overlay-type":"","overlay-color":"","overlay-opacity":"","overlay-gradient":""},"mobile":{"background-color":"","background-image":"","background-repeat":"repeat","background-position":"center center","background-size":"auto","background-attachment":"scroll","background-type":"","background-media":"","overlay-type":"","overlay-color":"","overlay-opacity":"","overlay-gradient":""}},"ast-content-background-meta":{"desktop":{"background-color":"var(--ast-global-color-5)","background-image":"","background-repeat":"repeat","background-position":"center center","background-size":"auto","background-attachment":"scroll","background-type":"","background-media":"","overlay-type":"","overlay-color":"","overlay-opacity":"","overlay-gradient":""},"tablet":{"background-color":"var(--ast-global-color-5)","background-image":"","background-repeat":"repeat","background-position":"center center","background-size":"auto","background-attachment":"scroll","background-type":"","background-media":"","overlay-type":"","overlay-color":"","overlay-opacity":"","overlay-gradient":""},"mobile":{"background-color":"var(--ast-global-color-5)","background-image":"","background-repeat":"repeat","background-position":"center center","background-size":"auto","background-attachment":"scroll","background-type":"","background-media":"","overlay-type":"","overlay-color":"","overlay-opacity":"","overlay-gradient":""}},"footnotes":""},"class_list":["post-915","page","type-page","status-publish","hentry"],"_links":{"self":[{"href":"https:\/\/eris-tattoo.de\/blog\/wp-json\/wp\/v2\/pages\/915","targetHints":{"allow":["GET"]}}],"collection":[{"href":"https:\/\/eris-tattoo.de\/blog\/wp-json\/wp\/v2\/pages"}],"about":[{"href":"https:\/\/eris-tattoo.de\/blog\/wp-json\/wp\/v2\/types\/page"}],"author":[{"embeddable":true,"href":"https:\/\/eris-tattoo.de\/blog\/wp-json\/wp\/v2\/users\/4"}],"replies":[{"embeddable":true,"href":"https:\/\/eris-tattoo.de\/blog\/wp-json\/wp\/v2\/comments?post=915"}],"version-history":[{"count":14,"href":"https:\/\/eris-tattoo.de\/blog\/wp-json\/wp\/v2\/pages\/915\/revisions"}],"predecessor-version":[{"id":1069,"href":"https:\/\/eris-tattoo.de\/blog\/wp-json\/wp\/v2\/pages\/915\/revisions\/1069"}],"wp:attachment":[{"href":"https:\/\/eris-tattoo.de\/blog\/wp-json\/wp\/v2\/media?parent=915"}],"curies":[{"name":"wp","href":"https:\/\/api.w.org\/{rel}","templated":true}]}}