{"id":914,"date":"2025-04-08T22:06:32","date_gmt":"2025-04-08T20:06:32","guid":{"rendered":"https:\/\/eris-tattoo.de\/blog\/?page_id=914"},"modified":"2025-04-09T21:54:00","modified_gmt":"2025-04-09T19:54:00","slug":"home_n","status":"publish","type":"page","link":"https:\/\/eris-tattoo.de\/blog\/","title":{"rendered":"Home"},"content":{"rendered":"\t\t<div data-elementor-type=\"wp-page\" data-elementor-id=\"914\" class=\"elementor elementor-914\" data-elementor-post-type=\"page\">\n\t\t\t\t<div class=\"elementor-element elementor-element-9010cd0 e-flex e-con-boxed e-con e-parent\" data-id=\"9010cd0\" data-element_type=\"container\" data-settings=\"{&quot;background_background&quot;:&quot;classic&quot;}\">\n\t\t\t\t\t<div class=\"e-con-inner\">\n\t\t<div class=\"elementor-element elementor-element-5a69cc7 e-con-full e-flex e-con e-child\" data-id=\"5a69cc7\" data-element_type=\"container\">\n\t\t\t\t<div class=\"elementor-element elementor-element-f184ec7 elementor-widget elementor-widget-heading\" data-id=\"f184ec7\" data-element_type=\"widget\" data-widget_type=\"heading.default\">\n\t\t\t\t<div class=\"elementor-widget-container\">\n\t\t\t\t\t<h1 class=\"elementor-heading-title elementor-size-default\">Servus Beinand<\/h1>\t\t\t\t<\/div>\n\t\t\t\t<\/div>\n\t\t\t\t<\/div>\n\t\t\t\t\t<\/div>\n\t\t\t\t<\/div>\n\t\t<div class=\"elementor-element elementor-element-a529ccb e-flex e-con-boxed e-con e-parent\" data-id=\"a529ccb\" data-element_type=\"container\" data-settings=\"{&quot;background_background&quot;:&quot;classic&quot;}\">\n\t\t\t\t\t<div class=\"e-con-inner\">\n\t\t<div class=\"elementor-element elementor-element-83324c1 e-con-full e-flex e-con e-child\" data-id=\"83324c1\" data-element_type=\"container\">\n\t\t\t\t<div class=\"elementor-element elementor-element-45f990c elementor-widget elementor-widget-heading\" data-id=\"45f990c\" data-element_type=\"widget\" data-widget_type=\"heading.default\">\n\t\t\t\t<div class=\"elementor-widget-container\">\n\t\t\t\t\t<h2 class=\"elementor-heading-title elementor-size-default\">since 1999 and 2003<\/h2>\t\t\t\t<\/div>\n\t\t\t\t<\/div>\n\t\t\t\t<div class=\"elementor-element elementor-element-35dc841 elementor-widget-divider--view-line elementor-widget elementor-widget-divider\" data-id=\"35dc841\" data-element_type=\"widget\" data-widget_type=\"divider.default\">\n\t\t\t\t<div class=\"elementor-widget-container\">\n\t\t\t\t\t\t\t<div class=\"elementor-divider\">\n\t\t\t<span class=\"elementor-divider-separator\">\n\t\t\t\t\t\t<\/span>\n\t\t<\/div>\n\t\t\t\t\t\t<\/div>\n\t\t\t\t<\/div>\n\t\t\t\t<\/div>\n\t\t<div class=\"elementor-element elementor-element-c4f6020 e-con-full e-flex e-con e-child\" data-id=\"c4f6020\" data-element_type=\"container\">\n\t\t\t\t<div class=\"elementor-element elementor-element-40a9718 elementor-widget elementor-widget-text-editor\" data-id=\"40a9718\" data-element_type=\"widget\" data-widget_type=\"text-editor.default\">\n\t\t\t\t<div class=\"elementor-widget-container\">\n\t\t\t\t\t\t\t\t\t<p>Wir freuen uns \u00fcber Euer Interesse an unserem Studio!<\/p>\n<p><br \/><\/p>\n<p>T\u00e4towiererin &amp; Piercer aus Leidenschaft since 1999. Unsere Kunstwerke kommen nicht auf die Leinwand, sondern in und unter die Haut.<\/p><p><br \/><\/p>\n<p>L\u00e4ngst sind Tattoos &amp; Piercing ein Teil der Modeszene geworden.<br \/>Umso wichtiger ist die korrekte und medizinisch einwandfreie Ausf\u00fchrung.<\/p>\n<p>Ein Tattoo und oder auch Piercing ist etwas pers\u00f6nliches und sollte gut durchdacht sein.<\/p><p><br \/><\/p>\n<p>Wir nehmen uns Zeit f\u00fcr Euch und Eure individuellen W\u00fcnsche und Beratung f\u00fcr Tattoo, Cover Up, und Piercings.<\/p><p><br \/><\/p>\n<p>Hygiene und gr\u00fcndliche Aufkl\u00e4rung sind eine Selbstverst\u00e4ndlichkeit.<\/p>\t\t\t\t\t\t\t\t<\/div>\n\t\t\t\t<\/div>\n\t\t\t\t<\/div>\n\t\t\t\t\t<\/div>\n\t\t\t\t<\/div>\n\t\t\t\t<\/div>\n\t\t","protected":false},"excerpt":{"rendered":"<p>Servus Beinand since 1999 and 2003 Wir freuen uns \u00fcber Euer Interesse an unserem Studio! T\u00e4towiererin &amp; Piercer aus Leidenschaft since 1999. Unsere Kunstwerke kommen nicht auf die Leinwand, sondern in und unter die Haut. L\u00e4ngst sind Tattoos &amp; Piercing ein Teil der Modeszene geworden.Umso wichtiger ist die korrekte und medizinisch einwandfreie Ausf\u00fchrung. Ein Tattoo [&hellip;]<\/p>\n","protected":false},"author":4,"featured_media":0,"parent":0,"menu_order":1,"comment_status":"closed","ping_status":"closed","template":"","meta":{"site-sidebar-layout":"no-sidebar","site-content-layout":"page-builder","ast-site-content-layout":"full-width-container","site-content-style":"unboxed","site-sidebar-style":"unboxed","ast-global-header-display":"","ast-banner-title-visibility":"","ast-main-header-display":"","ast-hfb-above-header-display":"","ast-hfb-below-header-display":"","ast-hfb-mobile-header-display":"","site-post-title":"disabled","ast-breadcrumbs-content":"","ast-featured-img":"","footer-sml-layout":"","theme-transparent-header-meta":"enabled","adv-header-id-meta":"","stick-header-meta":"","header-above-stick-meta":"","header-main-stick-meta":"","header-below-stick-meta":"","astra-migrate-meta-layouts":"set","ast-page-background-enabled":"default","ast-page-background-meta":{"desktop":{"background-color":"","background-image":"","background-repeat":"repeat","background-position":"center center","background-size":"auto","background-attachment":"scroll","background-type":"","background-media":"","overlay-type":"","overlay-color":"","overlay-opacity":"","overlay-gradient":""},"tablet":{"background-color":"","background-image":"","background-repeat":"repeat","background-position":"center center","background-size":"auto","background-attachment":"scroll","background-type":"","background-media":"","overlay-type":"","overlay-color":"","overlay-opacity":"","overlay-gradient":""},"mobile":{"background-color":"","background-image":"","background-repeat":"repeat","background-position":"center center","background-size":"auto","background-attachment":"scroll","background-type":"","background-media":"","overlay-type":"","overlay-color":"","overlay-opacity":"","overlay-gradient":""}},"ast-content-background-meta":{"desktop":{"background-color":"var(--ast-global-color-5)","background-image":"","background-repeat":"repeat","background-position":"center center","background-size":"auto","background-attachment":"scroll","background-type":"","background-media":"","overlay-type":"","overlay-color":"","overlay-opacity":"","overlay-gradient":""},"tablet":{"background-color":"var(--ast-global-color-5)","background-image":"","background-repeat":"repeat","background-position":"center center","background-size":"auto","background-attachment":"scroll","background-type":"","background-media":"","overlay-type":"","overlay-color":"","overlay-opacity":"","overlay-gradient":""},"mobile":{"background-color":"var(--ast-global-color-5)","background-image":"","background-repeat":"repeat","background-position":"center center","background-size":"auto","background-attachment":"scroll","background-type":"","background-media":"","overlay-type":"","overlay-color":"","overlay-opacity":"","overlay-gradient":""}},"footnotes":""},"class_list":["post-914","page","type-page","status-publish","hentry"],"_links":{"self":[{"href":"https:\/\/eris-tattoo.de\/blog\/wp-json\/wp\/v2\/pages\/914","targetHints":{"allow":["GET"]}}],"collection":[{"href":"https:\/\/eris-tattoo.de\/blog\/wp-json\/wp\/v2\/pages"}],"about":[{"href":"https:\/\/eris-tattoo.de\/blog\/wp-json\/wp\/v2\/types\/page"}],"author":[{"embeddable":true,"href":"https:\/\/eris-tattoo.de\/blog\/wp-json\/wp\/v2\/users\/4"}],"replies":[{"embeddable":true,"href":"https:\/\/eris-tattoo.de\/blog\/wp-json\/wp\/v2\/comments?post=914"}],"version-history":[{"count":14,"href":"https:\/\/eris-tattoo.de\/blog\/wp-json\/wp\/v2\/pages\/914\/revisions"}],"predecessor-version":[{"id":1100,"href":"https:\/\/eris-tattoo.de\/blog\/wp-json\/wp\/v2\/pages\/914\/revisions\/1100"}],"wp:attachment":[{"href":"https:\/\/eris-tattoo.de\/blog\/wp-json\/wp\/v2\/media?parent=914"}],"curies":[{"name":"wp","href":"https:\/\/api.w.org\/{rel}","templated":true}]}}